{"id":1857,"date":"2024-12-17T14:27:28","date_gmt":"2024-12-17T13:27:28","guid":{"rendered":"https:\/\/www.maxcon.be\/recherche-de-voiture\/"},"modified":"2024-12-18T11:19:24","modified_gmt":"2024-12-18T10:19:24","slug":"recherche-de-voiture","status":"publish","type":"page","link":"https:\/\/www.maxcon.be\/fr\/recherche-de-voiture\/","title":{"rendered":"Recherche"},"content":{"rendered":"\t\t<div data-elementor-type=\"wp-page\" data-elementor-id=\"1857\" class=\"elementor elementor-1857 elementor-1809\" data-elementor-post-type=\"page\">\n\t\t\t\t<div class=\"elementor-element elementor-element-d7f8254 animated-slow e-flex e-con-boxed elementor-invisible e-con e-parent\" data-id=\"d7f8254\" data-element_type=\"container\" data-e-type=\"container\" data-settings=\"{&quot;background_background&quot;:&quot;classic&quot;,&quot;animation&quot;:&quot;fadeIn&quot;}\">\n\t\t\t\t\t<div class=\"e-con-inner\">\n\t\t<div class=\"elementor-element elementor-element-f3a1a08 e-con-full e-flex e-con e-child\" data-id=\"f3a1a08\" data-element_type=\"container\" data-e-type=\"container\">\n\t\t\t\t<div class=\"elementor-element elementor-element-f299b5a elementor-widget elementor-widget-heading\" data-id=\"f299b5a\" data-element_type=\"widget\" data-e-type=\"widget\" data-widget_type=\"heading.default\">\n\t\t\t\t<div class=\"elementor-widget-container\">\n\t\t\t\t\t<h1 class=\"elementor-heading-title elementor-size-default\">Recherche de voiture<\/h1>\t\t\t\t<\/div>\n\t\t\t\t<\/div>\n\t\t\t\t<\/div>\n\t\t\t\t\t<\/div>\n\t\t\t\t<\/div>\n\t\t<div class=\"elementor-element elementor-element-b262fe3 e-flex e-con-boxed elementor-invisible e-con e-parent\" data-id=\"b262fe3\" data-element_type=\"container\" data-e-type=\"container\" data-settings=\"{&quot;background_background&quot;:&quot;classic&quot;,&quot;animation&quot;:&quot;fadeIn&quot;}\">\n\t\t\t\t\t<div class=\"e-con-inner\">\n\t\t<div class=\"elementor-element elementor-element-9d12dcf e-con-full e-flex e-con e-child\" data-id=\"9d12dcf\" data-element_type=\"container\" data-e-type=\"container\">\n\t\t\t\t<div class=\"elementor-element elementor-element-fe488da elementor-widget elementor-widget-heading\" data-id=\"fe488da\" data-element_type=\"widget\" data-e-type=\"widget\" data-widget_type=\"heading.default\">\n\t\t\t\t<div class=\"elementor-widget-container\">\n\t\t\t\t\t<span class=\"elementor-heading-title elementor-size-default\">Recherche de voiture<\/span>\t\t\t\t<\/div>\n\t\t\t\t<\/div>\n\t\t\t\t<div class=\"elementor-element elementor-element-16b7a0e elementor-widget elementor-widget-heading\" data-id=\"16b7a0e\" data-element_type=\"widget\" data-e-type=\"widget\" data-widget_type=\"heading.default\">\n\t\t\t\t<div class=\"elementor-widget-container\">\n\t\t\t\t\t<span class=\"elementor-heading-title elementor-size-default\">Vous recherchez un v\u00e9hicule(s) sp\u00e9cifique pour vos clients ? Gagnez du temps et confiez-nous la recherche ! Remplissez le formulaire avec les d\u00e9tails souhait\u00e9s, et nous trouverons le v\u00e9hicule(s) id\u00e9al gr\u00e2ce \u00e0 notre r\u00e9seau. Rapide, efficace et sans engagement.<\/span>\t\t\t\t<\/div>\n\t\t\t\t<\/div>\n\t\t\t\t<div class=\"elementor-element elementor-element-6616591 elementor-button-align-end elementor-widget elementor-widget-form\" data-id=\"6616591\" data-element_type=\"widget\" data-e-type=\"widget\" data-settings=\"{&quot;step_next_label&quot;:&quot;Suivant&quot;,&quot;step_previous_label&quot;:&quot;Pr\\u00e9c\\u00e9dent&quot;,&quot;button_width&quot;:&quot;50&quot;,&quot;step_type&quot;:&quot;number_text&quot;,&quot;step_icon_shape&quot;:&quot;circle&quot;}\" data-widget_type=\"form.default\">\n\t\t\t\t<div class=\"elementor-widget-container\">\n\t\t\t\t\t\t\t<form class=\"elementor-form\" method=\"post\" name=\"Nouveau formulaire\" aria-label=\"Nouveau formulaire\">\n\t\t\t<input type=\"hidden\" name=\"post_id\" value=\"1857\"\/>\n\t\t\t<input type=\"hidden\" name=\"form_id\" value=\"6616591\"\/>\n\t\t\t<input type=\"hidden\" name=\"referer_title\" value=\"Recherche - Maxcon\" \/>\n\n\t\t\t\t\t\t\t<input type=\"hidden\" name=\"queried_id\" value=\"1857\"\/>\n\t\t\t\n\t\t\t<div class=\"elementor-form-fields-wrapper elementor-labels-\">\n\t\t\t\t\t\t\t\t<div class=\"elementor-field-type-recaptcha_v3 elementor-field-group elementor-column elementor-field-group-field_6e0a380 elementor-col-100 recaptcha_v3-bottomright\">\n\t\t\t\t\t<div class=\"elementor-field\" id=\"form-field-field_6e0a380\"><div class=\"elementor-g-recaptcha\" data-sitekey=\"6LcwvQUfAAAAAG0o6Al7-0Nxsp_Xx0oDMjFb7zaH\" data-type=\"v3\" data-action=\"Form\" data-badge=\"bottomright\" data-size=\"invisible\"><\/div><\/div>\t\t\t\t<\/div>\n\t\t\t\t\t\t\t\t<div class=\"elementor-field-type-html elementor-field-group elementor-column elementor-field-group-field_becff15 elementor-col-100\">\n\t\t\t\t\t<strong>Voiture<\/strong>\t\t\t\t<\/div>\n\t\t\t\t\t\t\t\t<div class=\"elementor-field-type-select elementor-field-group elementor-column elementor-field-group-merk elementor-col-50 elementor-field-required\">\n\t\t\t\t\t\t\t\t\t\t\t\t<label for=\"form-field-merk\" class=\"elementor-field-label elementor-screen-only\">\n\t\t\t\t\t\t\t\tMarque\t\t\t\t\t\t\t<\/label>\n\t\t\t\t\t\t\t\t<div class=\"elementor-field elementor-select-wrapper remove-before \">\n\t\t\t<div class=\"select-caret-down-wrapper\">\n\t\t\t\t<i aria-hidden=\"true\" class=\"eicon-caret-down\"><\/i>\t\t\t<\/div>\n\t\t\t<select name=\"form_fields[merk]\" id=\"form-field-merk\" class=\"elementor-field-textual elementor-size-lg\" required=\"required\">\n\t\t\t\t\t\t\t\t\t<option value=\"\">S\u00e9lectionnez la marque<\/option>\n\t\t\t\t\t\t\t\t\t<option value=\"Abarth  \">Abarth<\/option>\n\t\t\t\t\t\t\t\t\t<option value=\"Alfa Romeo  \">Alfa Romeo<\/option>\n\t\t\t\t\t\t\t\t\t<option value=\"Aston Martin  \">Aston Martin<\/option>\n\t\t\t\t\t\t\t\t\t<option value=\"Audi  \">Audi<\/option>\n\t\t\t\t\t\t\t\t\t<option value=\"Bentley  \">Bentley<\/option>\n\t\t\t\t\t\t\t\t\t<option value=\"BMW  \">BMW<\/option>\n\t\t\t\t\t\t\t\t\t<option value=\"Bugatti  \">Bugatti<\/option>\n\t\t\t\t\t\t\t\t\t<option value=\"Cadillac  \">Cadillac<\/option>\n\t\t\t\t\t\t\t\t\t<option value=\"Chevrolet  \">Chevrolet<\/option>\n\t\t\t\t\t\t\t\t\t<option value=\"Chrysler  \">Chrysler<\/option>\n\t\t\t\t\t\t\t\t\t<option value=\"Citro\u00ebn  \">Citro\u00ebn<\/option>\n\t\t\t\t\t\t\t\t\t<option value=\"Dacia  \">Dacia<\/option>\n\t\t\t\t\t\t\t\t\t<option value=\"Daewoo  \">Daewoo<\/option>\n\t\t\t\t\t\t\t\t\t<option value=\"Daihatsu  \">Daihatsu<\/option>\n\t\t\t\t\t\t\t\t\t<option value=\"Dodge  \">Dodge<\/option>\n\t\t\t\t\t\t\t\t\t<option value=\"DS Automobiles  \">DS Automobiles<\/option>\n\t\t\t\t\t\t\t\t\t<option value=\"Ferrari  \">Ferrari<\/option>\n\t\t\t\t\t\t\t\t\t<option value=\"Fiat  \">Fiat<\/option>\n\t\t\t\t\t\t\t\t\t<option value=\"Ford  \">Ford<\/option>\n\t\t\t\t\t\t\t\t\t<option value=\"Honda  \">Honda<\/option>\n\t\t\t\t\t\t\t\t\t<option value=\"Hummer  \">Hummer<\/option>\n\t\t\t\t\t\t\t\t\t<option value=\"Hyundai  \">Hyundai<\/option>\n\t\t\t\t\t\t\t\t\t<option value=\"Infiniti  \">Infiniti<\/option>\n\t\t\t\t\t\t\t\t\t<option value=\"Jaguar  \">Jaguar<\/option>\n\t\t\t\t\t\t\t\t\t<option value=\"Jeep  \">Jeep<\/option>\n\t\t\t\t\t\t\t\t\t<option value=\"Kia  \">Kia<\/option>\n\t\t\t\t\t\t\t\t\t<option value=\"Lada  \">Lada<\/option>\n\t\t\t\t\t\t\t\t\t<option value=\"Lamborghini  \">Lamborghini<\/option>\n\t\t\t\t\t\t\t\t\t<option value=\"Lancia  \">Lancia<\/option>\n\t\t\t\t\t\t\t\t\t<option value=\"Land Rover  \">Land Rover<\/option>\n\t\t\t\t\t\t\t\t\t<option value=\"Lexus  \">Lexus<\/option>\n\t\t\t\t\t\t\t\t\t<option value=\"Lotus  \">Lotus<\/option>\n\t\t\t\t\t\t\t\t\t<option value=\"Maserati  \">Maserati<\/option>\n\t\t\t\t\t\t\t\t\t<option value=\"Mazda  \">Mazda<\/option>\n\t\t\t\t\t\t\t\t\t<option value=\"McLaren  \">McLaren<\/option>\n\t\t\t\t\t\t\t\t\t<option value=\"Mercedes-Benz  \">Mercedes-Benz<\/option>\n\t\t\t\t\t\t\t\t\t<option value=\"MG  \">MG<\/option>\n\t\t\t\t\t\t\t\t\t<option value=\"Mini  \">Mini<\/option>\n\t\t\t\t\t\t\t\t\t<option value=\"Mitsubishi  \">Mitsubishi<\/option>\n\t\t\t\t\t\t\t\t\t<option value=\"Nissan  \">Nissan<\/option>\n\t\t\t\t\t\t\t\t\t<option value=\"Opel  \">Opel<\/option>\n\t\t\t\t\t\t\t\t\t<option value=\"Peugeot  \">Peugeot<\/option>\n\t\t\t\t\t\t\t\t\t<option value=\"Porsche  \">Porsche<\/option>\n\t\t\t\t\t\t\t\t\t<option value=\"Renault  \">Renault<\/option>\n\t\t\t\t\t\t\t\t\t<option value=\"Rolls-Royce  \">Rolls-Royce<\/option>\n\t\t\t\t\t\t\t\t\t<option value=\"Rover  \">Rover<\/option>\n\t\t\t\t\t\t\t\t\t<option value=\"Saab  \">Saab<\/option>\n\t\t\t\t\t\t\t\t\t<option value=\"Seat  \">Seat<\/option>\n\t\t\t\t\t\t\t\t\t<option value=\"\u0160koda  \">\u0160koda<\/option>\n\t\t\t\t\t\t\t\t\t<option value=\"Smart  \">Smart<\/option>\n\t\t\t\t\t\t\t\t\t<option value=\"SsangYong  \">SsangYong<\/option>\n\t\t\t\t\t\t\t\t\t<option value=\"Subaru  \">Subaru<\/option>\n\t\t\t\t\t\t\t\t\t<option value=\"Suzuki  \">Suzuki<\/option>\n\t\t\t\t\t\t\t\t\t<option value=\"Tesla  \">Tesla<\/option>\n\t\t\t\t\t\t\t\t\t<option value=\"Toyota  \">Toyota<\/option>\n\t\t\t\t\t\t\t\t\t<option value=\"Volkswagen  \">Volkswagen<\/option>\n\t\t\t\t\t\t\t\t\t<option value=\"Volvo \">Volvo<\/option>\n\t\t\t\t\t\t\t<\/select>\n\t\t<\/div>\n\t\t\t\t\t\t<\/div>\n\t\t\t\t\t\t\t\t<div class=\"elementor-field-type-text elementor-field-group elementor-column elementor-field-group-type elementor-col-50 elementor-field-required\">\n\t\t\t\t\t\t\t\t\t\t\t\t<label for=\"form-field-type\" class=\"elementor-field-label elementor-screen-only\">\n\t\t\t\t\t\t\t\tType\t\t\t\t\t\t\t<\/label>\n\t\t\t\t\t\t\t\t\t\t\t\t\t\t<input size=\"1\" type=\"text\" name=\"form_fields[type]\" id=\"form-field-type\" class=\"elementor-field elementor-size-lg  elementor-field-textual\" placeholder=\"Type *\" required=\"required\">\n\t\t\t\t\t\t\t\t\t\t\t<\/div>\n\t\t\t\t\t\t\t\t<div class=\"elementor-field-type-select elementor-field-group elementor-column elementor-field-group-motor elementor-col-50 elementor-field-required\">\n\t\t\t\t\t\t\t\t\t\t\t\t<label for=\"form-field-motor\" class=\"elementor-field-label elementor-screen-only\">\n\t\t\t\t\t\t\t\tMoteur\t\t\t\t\t\t\t<\/label>\n\t\t\t\t\t\t\t\t<div class=\"elementor-field elementor-select-wrapper remove-before \">\n\t\t\t<div class=\"select-caret-down-wrapper\">\n\t\t\t\t<i aria-hidden=\"true\" class=\"eicon-caret-down\"><\/i>\t\t\t<\/div>\n\t\t\t<select name=\"form_fields[motor]\" id=\"form-field-motor\" class=\"elementor-field-textual elementor-size-lg\" required=\"required\">\n\t\t\t\t\t\t\t\t\t<option value=\"\">S\u00e9lectionnez le type de moteur<\/option>\n\t\t\t\t\t\t\t\t\t<option value=\"Essence  \">Essence<\/option>\n\t\t\t\t\t\t\t\t\t<option value=\"Diesel  \">Diesel<\/option>\n\t\t\t\t\t\t\t\t\t<option value=\"\u00c9lectrique  \">\u00c9lectrique<\/option>\n\t\t\t\t\t\t\t\t\t<option value=\"Hybride  \">Hybride<\/option>\n\t\t\t\t\t\t\t\t\t<option value=\"Hybride rechargeable  \">Hybride rechargeable<\/option>\n\t\t\t\t\t\t\t\t\t<option value=\"GPL  \">GPL<\/option>\n\t\t\t\t\t\t\t\t\t<option value=\"GNV  \">GNV<\/option>\n\t\t\t\t\t\t\t\t\t<option value=\"Hydrog\u00e8ne  \">Hydrog\u00e8ne<\/option>\n\t\t\t\t\t\t\t<\/select>\n\t\t<\/div>\n\t\t\t\t\t\t<\/div>\n\t\t\t\t\t\t\t\t<div class=\"elementor-field-type-select elementor-field-group elementor-column elementor-field-group-leeftijd elementor-col-50 elementor-field-required\">\n\t\t\t\t\t\t\t\t\t\t\t\t<label for=\"form-field-leeftijd\" class=\"elementor-field-label elementor-screen-only\">\n\t\t\t\t\t\t\t\t\u00c2ge Souhait\u00e9\t\t\t\t\t\t\t<\/label>\n\t\t\t\t\t\t\t\t<div class=\"elementor-field elementor-select-wrapper remove-before \">\n\t\t\t<div class=\"select-caret-down-wrapper\">\n\t\t\t\t<i aria-hidden=\"true\" class=\"eicon-caret-down\"><\/i>\t\t\t<\/div>\n\t\t\t<select name=\"form_fields[leeftijd]\" id=\"form-field-leeftijd\" class=\"elementor-field-textual elementor-size-lg\" required=\"required\">\n\t\t\t\t\t\t\t\t\t<option value=\"\">S\u00e9lectionnez l&#039;\u00e2ge souhait\u00e9<\/option>\n\t\t\t\t\t\t\t\t\t<option value=\"1 an  \">Max 1 an<\/option>\n\t\t\t\t\t\t\t\t\t<option value=\"2 ans  \">Max 2 ans<\/option>\n\t\t\t\t\t\t\t\t\t<option value=\"3 ans  \">Max 3 ans<\/option>\n\t\t\t\t\t\t\t\t\t<option value=\"4 ans  \">Max 4 ans<\/option>\n\t\t\t\t\t\t\t<\/select>\n\t\t<\/div>\n\t\t\t\t\t\t<\/div>\n\t\t\t\t\t\t\t\t<div class=\"elementor-field-type-html elementor-field-group elementor-column elementor-field-group-field_006d54e elementor-col-100\">\n\t\t\t\t\t<strong>Vos donn\u00e9es<\/strong>\t\t\t\t<\/div>\n\t\t\t\t\t\t\t\t<div class=\"elementor-field-type-text elementor-field-group elementor-column elementor-field-group-name elementor-col-50 elementor-field-required\">\n\t\t\t\t\t\t\t\t\t\t\t\t<label for=\"form-field-name\" class=\"elementor-field-label elementor-screen-only\">\n\t\t\t\t\t\t\t\tNom\t\t\t\t\t\t\t<\/label>\n\t\t\t\t\t\t\t\t\t\t\t\t\t\t<input size=\"1\" type=\"text\" name=\"form_fields[name]\" id=\"form-field-name\" class=\"elementor-field elementor-size-lg  elementor-field-textual\" placeholder=\"Nom *\" required=\"required\">\n\t\t\t\t\t\t\t\t\t\t\t<\/div>\n\t\t\t\t\t\t\t\t<div class=\"elementor-field-type-text elementor-field-group elementor-column elementor-field-group-telefoon elementor-col-50\">\n\t\t\t\t\t\t\t\t\t\t\t\t<label for=\"form-field-telefoon\" class=\"elementor-field-label elementor-screen-only\">\n\t\t\t\t\t\t\t\tT\u00e9l\u00e9phone\t\t\t\t\t\t\t<\/label>\n\t\t\t\t\t\t\t\t\t\t\t\t\t\t<input size=\"1\" type=\"text\" name=\"form_fields[telefoon]\" id=\"form-field-telefoon\" class=\"elementor-field elementor-size-lg  elementor-field-textual\" placeholder=\"Num\u00e9ro de t\u00e9l\u00e9phone\">\n\t\t\t\t\t\t\t\t\t\t\t<\/div>\n\t\t\t\t\t\t\t\t<div class=\"elementor-field-type-email elementor-field-group elementor-column elementor-field-group-email elementor-col-100 elementor-field-required\">\n\t\t\t\t\t\t\t\t\t\t\t\t<label for=\"form-field-email\" class=\"elementor-field-label elementor-screen-only\">\n\t\t\t\t\t\t\t\tE-mail\t\t\t\t\t\t\t<\/label>\n\t\t\t\t\t\t\t\t\t\t\t\t\t\t<input size=\"1\" type=\"email\" name=\"form_fields[email]\" id=\"form-field-email\" class=\"elementor-field elementor-size-lg  elementor-field-textual\" placeholder=\"E-mail *\" required=\"required\">\n\t\t\t\t\t\t\t\t\t\t\t<\/div>\n\t\t\t\t\t\t\t\t<div class=\"elementor-field-type-textarea elementor-field-group elementor-column elementor-field-group-message elementor-col-100\">\n\t\t\t\t\t\t\t\t\t\t\t\t<label for=\"form-field-message\" class=\"elementor-field-label elementor-screen-only\">\n\t\t\t\t\t\t\t\tCommentaires suppl\u00e9mentaires\t\t\t\t\t\t\t<\/label>\n\t\t\t\t\t\t<textarea class=\"elementor-field-textual elementor-field  elementor-size-lg\" name=\"form_fields[message]\" id=\"form-field-message\" rows=\"6\" placeholder=\"Commentaires suppl\u00e9mentaires\"><\/textarea>\t\t\t\t<\/div>\n\t\t\t\t\t\t\t\t<div class=\"elementor-field-type-html elementor-field-group elementor-column elementor-field-group-field_f9680dc elementor-col-50\">\n\t\t\t\t\t(*) champs obligatoires\t\t\t\t<\/div>\n\t\t\t\t\t\t\t\t<div class=\"elementor-field-group elementor-column elementor-field-type-submit elementor-col-50 e-form__buttons\">\n\t\t\t\t\t<button class=\"elementor-button elementor-size-sm\" type=\"submit\">\n\t\t\t\t\t\t<span class=\"elementor-button-content-wrapper\">\n\t\t\t\t\t\t\t\t\t\t\t\t\t\t\t\t\t\t\t\t\t\t<span class=\"elementor-button-text\">Envoyer<\/span>\n\t\t\t\t\t\t\t\t\t\t\t\t\t<\/span>\n\t\t\t\t\t<\/button>\n\t\t\t\t<\/div>\n\t\t\t<\/div>\n\t\t<\/form>\n\t\t\t\t\t\t<\/div>\n\t\t\t\t<\/div>\n\t\t\t\t<\/div>\n\t\t\t\t\t<\/div>\n\t\t\t\t<\/div>\n\t\t\t\t<\/div>\n\t\t","protected":false},"excerpt":{"rendered":"<p>Recherche de voiture Recherche de voiture Vous recherchez un v\u00e9hicule(s) sp\u00e9cifique pour vos clients ? Gagnez du temps et confiez-nous la recherche ! Remplissez le formulaire avec les d\u00e9tails souhait\u00e9s, et nous trouverons le v\u00e9hicule(s) id\u00e9al gr\u00e2ce \u00e0 notre r\u00e9seau. Rapide, efficace et sans engagement.<\/p>\n","protected":false},"author":1,"featured_media":0,"parent":0,"menu_order":0,"comment_status":"closed","ping_status":"closed","template":"","meta":{"_acf_changed":false,"footnotes":""},"class_list":["post-1857","page","type-page","status-publish","hentry"],"acf":[],"_links":{"self":[{"href":"https:\/\/www.maxcon.be\/fr\/wp-json\/wp\/v2\/pages\/1857","targetHints":{"allow":["GET"]}}],"collection":[{"href":"https:\/\/www.maxcon.be\/fr\/wp-json\/wp\/v2\/pages"}],"about":[{"href":"https:\/\/www.maxcon.be\/fr\/wp-json\/wp\/v2\/types\/page"}],"author":[{"embeddable":true,"href":"https:\/\/www.maxcon.be\/fr\/wp-json\/wp\/v2\/users\/1"}],"replies":[{"embeddable":true,"href":"https:\/\/www.maxcon.be\/fr\/wp-json\/wp\/v2\/comments?post=1857"}],"version-history":[{"count":35,"href":"https:\/\/www.maxcon.be\/fr\/wp-json\/wp\/v2\/pages\/1857\/revisions"}],"predecessor-version":[{"id":1955,"href":"https:\/\/www.maxcon.be\/fr\/wp-json\/wp\/v2\/pages\/1857\/revisions\/1955"}],"wp:attachment":[{"href":"https:\/\/www.maxcon.be\/fr\/wp-json\/wp\/v2\/media?parent=1857"}],"curies":[{"name":"wp","href":"https:\/\/api.w.org\/{rel}","templated":true}]}}